{"id":16136,"date":"2025-12-23T07:15:56","date_gmt":"2025-12-23T07:15:56","guid":{"rendered":"https:\/\/restatukku.eu\/?post_type=product&#038;p=16136"},"modified":"2026-03-05T13:25:20","modified_gmt":"2026-03-05T13:25:20","slug":"kartonkikulho-ruskea-1100ml","status":"publish","type":"product","link":"https:\/\/restatukku.eu\/en\/product\/kartonkikulho-ruskea-1100ml\/","title":{"rendered":"Kartonkikulho ruskea 1100ml"},"content":{"rendered":"","protected":false},"excerpt":{"rendered":"<div class=\"product__block product__description rte block-padding\">\n<div class=\"product__description__content rte\">\n<div class=\"product__block product__text block-padding\">\n<div class=\"product__block product__text block-padding\">\n<div class=\"product__block product__text block-padding\">\n<div class=\"product__block product__text block-padding\">\n<div class=\"product__block product__text block-padding\">\n<div class=\"product__block product__description rte block-padding\">\n<div class=\"product__description__content rte\">\n<div class=\"product__block product__description rte block-padding\">\n<div class=\"product__description__content rte\">\n<div class=\"product__block product__description rte block-padding\">\n<div class=\"product__description__content rte\">\n<div class=\"product__block product__text block-padding\">\n<div class=\"product__block product__text block-padding\">\n<div class=\"product__block product__text block-padding\">\n<div class=\"product__block product__text block-padding\">\n<div class=\"product__block product__text block-padding\">\n<div class=\"product__block product__text block-padding\">\n<div class=\"product__block product__text block-padding\">\n<p class=\"product__heading strong\"><strong>150 kpl\/ltk (6 pss x 25 kpl)<\/strong><\/p>\n<\/div>\n<\/div>\n<\/div>\n<\/div>\n<\/div>\n<\/div>\n<div class=\"product__block product__description rte block-padding\">\n<div class=\"product__description__content rte\">\n<div class=\"product__block product__description rte block-padding\">\n<div class=\"product__description__content rte\">\n<div class=\"product__block product__description rte block-padding\">\n<div class=\"product__description__content rte\">\n<div class=\"product__block product__description rte block-padding\">\n<div class=\"product__description__content rte\">\n<div class=\"product__block product__description rte block-padding\">\n<div class=\"product__description__content rte\">\n<div class=\"product__block product__description rte block-padding\">\n<div class=\"product__description__content rte\">\n<div class=\"product__block product__description rte block-padding\">\n<div class=\"product__description__content rte\">\n<div class=\"product__block product__description rte block-padding\">\n<div class=\"product__description__content rte\">\n<div class=\"product__block product__description rte block-padding\">\n<div class=\"product__description__content rte\">\n<div class=\"product__block product__description rte block-padding\">\n<div class=\"product__description__content rte\">\n<div class=\"product__block product__description rte block-padding\">\n<div class=\"product__description__content rte\">\n<div class=\"product__block product__description rte block-padding\">\n<div class=\"product__description__content rte\">\n<div class=\"product__block product__description rte block-padding\">\n<div class=\"product__description__content rte\">\n<div class=\"product__block product__description rte block-padding\">\n<div class=\"product__description__content rte\">\n<div class=\"product__block product__description rte block-padding\">\n<div class=\"product__description__content rte\">\n<div class=\"product__block product__description rte block-padding\">\n<div class=\"product__description__content rte\">\n<div class=\"product__block product__description rte block-padding\">\n<div class=\"product__description__content rte\">\n<p><strong>Kartonkikulho ruskea 1100ml<\/strong>\u00a0on ratkaisu l\u00e4mpimille sek\u00e4 viileille take away annoksille. Rasia on PE pinnoitettu sis\u00e4- ja ulkopuolelta, jotta rasia pysyy tukevana my\u00f6s pidemp\u00e4\u00e4n hyllyss\u00e4 ollessa. Rasia soveltuu my\u00f6s pidemp\u00e4\u00e4n s\u00e4ilytykseen, joten t\u00e4ss\u00e4 t\u00e4ydellinen valinta my\u00f6s valmisaterioille. Rasialle yhteensopiva kartonkikansi, NPKKK.<\/p>\n<\/div>\n<\/div>\n<div class=\"product__block product__custom-code block-padding\">\n<div class=\"product-card__icons\">\n<div class=\"product-card__icon\" title=\"FSC-sertifioitu\"><\/div>\n<\/div>\n<\/div>\n<\/div>\n<\/div>\n<div class=\"product__block product__custom-code block-padding\">\n<div class=\"product-card__icons\">\n<div class=\"product-card__icon\" title=\"FSC-sertifioitu\"><\/div>\n<\/div>\n<\/div>\n<\/div>\n<\/div>\n<div class=\"product__block product__custom-code block-padding\">\n<div class=\"product-card__icons\">\n<div class=\"product-card__icon\" title=\"Biohajoava\"><\/div>\n<\/div>\n<\/div>\n<\/div>\n<\/div>\n<div class=\"product__block product__custom-code block-padding\">\n<div class=\"product-card__icons\">\n<div class=\"product-card__icon\" title=\"Biohajoava\"><\/div>\n<\/div>\n<\/div>\n<\/div>\n<\/div>\n<div class=\"product__block product__custom-code block-padding\">\n<div class=\"product-card__icons\">\n<div class=\"product-card__icon\" title=\"Biohajoava\"><\/div>\n<\/div>\n<\/div>\n<\/div>\n<\/div>\n<div class=\"product__block product__custom-code block-padding\">\n<div class=\"product-card__icons\">\n<div class=\"product-card__icon\" title=\"Biohajoava\"><\/div>\n<\/div>\n<\/div>\n<\/div>\n<\/div>\n<div class=\"product__block product__custom-code block-padding\">\n<div class=\"product-card__icons\">\n<div class=\"product-card__icon\" title=\"Biohajoava\"><\/div>\n<\/div>\n<\/div>\n<\/div>\n<\/div>\n<div class=\"product__block product__custom-code block-padding\">\n<div class=\"product-card__icons\">\n<div class=\"product-card__icon\" title=\"Polyetyleenitereftalaatti\"><\/div>\n<\/div>\n<\/div>\n<\/div>\n<\/div>\n<div class=\"product__block product__custom-code block-padding\">\n<div class=\"product-card__icons\">\n<div class=\"product-card__icon\" title=\"Polyetyleenitereftalaatti\"><\/div>\n<\/div>\n<\/div>\n<\/div>\n<\/div>\n<div class=\"product__block product__custom-code block-padding\">\n<div class=\"product-card__icons\">\n<div class=\"product-card__icon\" title=\"Polyetyleenitereftalaatti\"><\/div>\n<\/div>\n<\/div>\n<\/div>\n<\/div>\n<div class=\"product__block product__custom-code block-padding\">\n<div class=\"product-card__icons\">\n<div class=\"product-card__icon\" title=\"Polyetyleenitereftalaatti\"><\/div>\n<\/div>\n<\/div>\n<\/div>\n<\/div>\n<div class=\"product__block product__custom-code block-padding\">\n<div class=\"product-card__icons\">\n<div class=\"product-card__icon\" title=\"Polyetyleenitereftalaatti\"><\/div>\n<\/div>\n<\/div>\n<\/div>\n<\/div>\n<div class=\"product__block product__custom-code block-padding\">\n<div class=\"product-card__icons\">\n<div class=\"product-card__icon\" title=\"FSC-sertifioitu\"><\/div>\n<\/div>\n<\/div>\n<\/div>\n<\/div>\n<div class=\"product__block product__custom-code block-padding\">\n<div class=\"product-card__icons\">\n<div class=\"product-card__icon\" title=\"Soveltuu kylm\u00e4lle\"><\/div>\n<\/div>\n<\/div>\n<\/div>\n<\/div>\n<div class=\"product__block product__custom-code block-padding\">\n<div class=\"product-card__icons\">\n<div class=\"product-card__icon\" title=\"Soveltuu kylm\u00e4lle\"><\/div>\n<\/div>\n<\/div>\n<\/div>\n<\/div>\n<div class=\"product__block product__custom-code block-padding\">\n<div class=\"product-card__icons\">\n<div class=\"product-card__icon\" title=\"Soveltuu kylm\u00e4lle\"><\/div>\n<\/div>\n<\/div>\n<\/div>\n<\/div>\n<div class=\"product__block product__custom-code block-padding\">\n<div class=\"product-card__icons\">\n<div class=\"product-card__icon\" title=\"Soveltuu elintarvikekontaktiin\"><\/div>\n<\/div>\n<\/div>\n<\/div>\n<\/div>\n<\/div>\n<\/div>\n<\/div>\n<\/div>\n<\/div>\n<\/div>\n<\/div>\n<\/div>\n<\/div>\n<\/div>\n<\/div>\n<\/div>","protected":false},"featured_media":16137,"template":"","meta":[],"product_brand":[],"product_cat":[15],"product_tag":[],"class_list":{"0":"post-16136","1":"product","2":"type-product","3":"status-publish","4":"has-post-thumbnail","6":"product_cat-uncategorized","8":"first","9":"instock","10":"featured","11":"shipping-taxable","12":"product-type-simple"},"_links":{"self":[{"href":"https:\/\/restatukku.eu\/en\/wp-json\/wp\/v2\/product\/16136","targetHints":{"allow":["GET"]}}],"collection":[{"href":"https:\/\/restatukku.eu\/en\/wp-json\/wp\/v2\/product"}],"about":[{"href":"https:\/\/restatukku.eu\/en\/wp-json\/wp\/v2\/types\/product"}],"wp:featuredmedia":[{"embeddable":true,"href":"https:\/\/restatukku.eu\/en\/wp-json\/wp\/v2\/media\/16137"}],"wp:attachment":[{"href":"https:\/\/restatukku.eu\/en\/wp-json\/wp\/v2\/media?parent=16136"}],"wp:term":[{"taxonomy":"product_brand","embeddable":true,"href":"https:\/\/restatukku.eu\/en\/wp-json\/wp\/v2\/product_brand?post=16136"},{"taxonomy":"product_cat","embeddable":true,"href":"https:\/\/restatukku.eu\/en\/wp-json\/wp\/v2\/product_cat?post=16136"},{"taxonomy":"product_tag","embeddable":true,"href":"https:\/\/restatukku.eu\/en\/wp-json\/wp\/v2\/product_tag?post=16136"}],"curies":[{"name":"wp","href":"https:\/\/api.w.org\/{rel}","templated":true}]}}