{"id":16123,"date":"2025-12-23T06:48:00","date_gmt":"2025-12-23T06:48:00","guid":{"rendered":"https:\/\/restatukku.eu\/?post_type=product&#038;p=16123"},"modified":"2026-03-05T12:10:35","modified_gmt":"2026-03-05T12:10:35","slug":"hampurilaisrasia-hb6-15x15x8cm","status":"publish","type":"product","link":"https:\/\/restatukku.eu\/en\/product\/hampurilaisrasia-hb6-15x15x8cm\/","title":{"rendered":"Hamburger Box HB6 (15x15x8cm)"},"content":{"rendered":"","protected":false},"excerpt":{"rendered":"<div class=\"product__block product__description rte block-padding\">\n<div class=\"product__description__content rte\">\n<div class=\"product__block product__text block-padding\">\n<div class=\"product__block product__text block-padding\">\n<div class=\"product__block product__text block-padding\">\n<div class=\"product__block product__text block-padding\">\n<div class=\"product__block product__text block-padding\">\n<div class=\"product__block product__description rte block-padding\">\n<div class=\"product__description__content rte\">\n<div class=\"product__block product__description rte block-padding\">\n<div class=\"product__description__content rte\">\n<div class=\"product__block product__description rte block-padding\">\n<div class=\"product__description__content rte\">\n<div class=\"product__block product__text block-padding\">\n<div class=\"product__block product__text block-padding\">\n<div class=\"product__block product__text block-padding\">\n<div class=\"product__block product__text block-padding\">\n<p class=\"product__heading strong\"><strong>Hampurilaisrasia HB6<\/strong><\/p>\n<\/div>\n<\/div>\n<\/div>\n<div class=\"product__block product__description rte block-padding\">\n<div class=\"product__description__content rte\">\n<div class=\"product__block product__description rte block-padding\">\n<div class=\"product__description__content rte\">\n<div class=\"product__block product__description rte block-padding\">\n<div class=\"product__description__content rte\">\n<div class=\"product__block product__description rte block-padding\">\n<div class=\"product__description__content rte\">\n<div class=\"product__block product__description rte block-padding\">\n<div class=\"product__description__content rte\">\n<div class=\"product__block product__description rte block-padding\">\n<div class=\"product__description__content rte\">\n<div class=\"product__block product__description rte block-padding\">\n<div class=\"product__description__content rte\">\n<div class=\"product__block product__description rte block-padding\">\n<div class=\"product__description__content rte\">\n<div class=\"product__block product__description rte block-padding\">\n<div class=\"product__description__content rte\">\n<div class=\"product__block product__description rte block-padding\">\n<div class=\"product__description__content rte\">\n<div class=\"product__block product__description rte block-padding\">\n<div class=\"product__description__content rte\">\n<div class=\"product__block product__description rte block-padding\">\n<div class=\"product__description__content rte\">\n<div class=\"product__block product__description rte block-padding\">\n<div class=\"product__description__content rte\">\n<p><strong>Bagassi hampurilaisrasia HB6<\/strong> on loistava ratkaisu, jos etsit ymp\u00e4rist\u00f6yst\u00e4v\u00e4llist\u00e4 take away pakkausta. Rasia sopii erinomaisesti esimerkiksi \u00a0hampurilaisille ja muille sormisy\u00f6t\u00e4ville ruoille. Bagassituotteemme valmistetaan 100% uusiutuvasta ja kompostoituvasta materiaalista eli sokeriruo&#8217;osta, joka on sokerintuotannon sivutuote. Valitsemalla tuotteen voit olla varma, ett\u00e4 olet valinnut laadukkaan sek\u00e4 ymp\u00e4rist\u00f6yst\u00e4v\u00e4llisen tuotteen.<\/p>\n<\/div>\n<\/div>\n<div class=\"product__block product__custom-code block-padding\">\n<div class=\"product-card__icons\">\n<div class=\"product-card__icon\" title=\"Biohajoava\"><\/div>\n<\/div>\n<\/div>\n<\/div>\n<\/div>\n<div class=\"product__block product__custom-code block-padding\">\n<div class=\"product-card__icons\">\n<div class=\"product-card__icon\" title=\"Biohajoava\"><\/div>\n<\/div>\n<\/div>\n<\/div>\n<\/div>\n<div class=\"product__block product__custom-code block-padding\">\n<div class=\"product-card__icons\">\n<div class=\"product-card__icon\" title=\"Biohajoava\"><\/div>\n<\/div>\n<\/div>\n<\/div>\n<\/div>\n<div class=\"product__block product__custom-code block-padding\">\n<div class=\"product-card__icons\">\n<div class=\"product-card__icon\" title=\"Polyetyleenitereftalaatti\"><\/div>\n<\/div>\n<\/div>\n<\/div>\n<\/div>\n<div class=\"product__block product__custom-code block-padding\">\n<div class=\"product-card__icons\">\n<div class=\"product-card__icon\" title=\"Polyetyleenitereftalaatti\"><\/div>\n<\/div>\n<\/div>\n<\/div>\n<\/div>\n<div class=\"product__block product__custom-code block-padding\">\n<div class=\"product-card__icons\">\n<div class=\"product-card__icon\" title=\"Polyetyleenitereftalaatti\"><\/div>\n<\/div>\n<\/div>\n<\/div>\n<\/div>\n<div class=\"product__block product__custom-code block-padding\">\n<div class=\"product-card__icons\">\n<div class=\"product-card__icon\" title=\"Polyetyleenitereftalaatti\"><\/div>\n<\/div>\n<\/div>\n<\/div>\n<\/div>\n<div class=\"product__block product__custom-code block-padding\">\n<div class=\"product-card__icons\">\n<div class=\"product-card__icon\" title=\"Polyetyleenitereftalaatti\"><\/div>\n<\/div>\n<\/div>\n<\/div>\n<\/div>\n<div class=\"product__block product__custom-code block-padding\">\n<div class=\"product-card__icons\">\n<div class=\"product-card__icon\" title=\"FSC-sertifioitu\"><\/div>\n<\/div>\n<\/div>\n<\/div>\n<\/div>\n<div class=\"product__block product__custom-code block-padding\">\n<div class=\"product-card__icons\">\n<div class=\"product-card__icon\" title=\"Soveltuu kylm\u00e4lle\"><\/div>\n<\/div>\n<\/div>\n<\/div>\n<\/div>\n<div class=\"product__block product__custom-code block-padding\">\n<div class=\"product-card__icons\">\n<div class=\"product-card__icon\" title=\"Soveltuu kylm\u00e4lle\"><\/div>\n<\/div>\n<\/div>\n<\/div>\n<\/div>\n<div class=\"product__block product__custom-code block-padding\">\n<div class=\"product-card__icons\">\n<div class=\"product-card__icon\" title=\"Soveltuu kylm\u00e4lle\"><\/div>\n<\/div>\n<\/div>\n<\/div>\n<\/div>\n<div class=\"product__block product__custom-code block-padding\">\n<div class=\"product-card__icons\">\n<div class=\"product-card__icon\" title=\"Soveltuu elintarvikekontaktiin\"><\/div>\n<\/div>\n<\/div>\n<\/div>\n<\/div>\n<\/div>\n<\/div>\n<\/div>\n<\/div>\n<\/div>\n<\/div>\n<\/div>\n<\/div>\n<\/div>\n<\/div>\n<\/div>\n<\/div>","protected":false},"featured_media":16488,"template":"","meta":[],"product_brand":[],"product_cat":[94],"product_tag":[],"class_list":{"0":"post-16123","1":"product","2":"type-product","3":"status-publish","4":"has-post-thumbnail","6":"product_cat-pakkaukset","8":"first","9":"instock","10":"shipping-taxable","11":"product-type-simple"},"_links":{"self":[{"href":"https:\/\/restatukku.eu\/en\/wp-json\/wp\/v2\/product\/16123","targetHints":{"allow":["GET"]}}],"collection":[{"href":"https:\/\/restatukku.eu\/en\/wp-json\/wp\/v2\/product"}],"about":[{"href":"https:\/\/restatukku.eu\/en\/wp-json\/wp\/v2\/types\/product"}],"wp:featuredmedia":[{"embeddable":true,"href":"https:\/\/restatukku.eu\/en\/wp-json\/wp\/v2\/media\/16488"}],"wp:attachment":[{"href":"https:\/\/restatukku.eu\/en\/wp-json\/wp\/v2\/media?parent=16123"}],"wp:term":[{"taxonomy":"product_brand","embeddable":true,"href":"https:\/\/restatukku.eu\/en\/wp-json\/wp\/v2\/product_brand?post=16123"},{"taxonomy":"product_cat","embeddable":true,"href":"https:\/\/restatukku.eu\/en\/wp-json\/wp\/v2\/product_cat?post=16123"},{"taxonomy":"product_tag","embeddable":true,"href":"https:\/\/restatukku.eu\/en\/wp-json\/wp\/v2\/product_tag?post=16123"}],"curies":[{"name":"wp","href":"https:\/\/api.w.org\/{rel}","templated":true}]}}