{"id":16075,"date":"2025-12-22T14:03:58","date_gmt":"2025-12-22T14:03:58","guid":{"rendered":"https:\/\/restatukku.eu\/?post_type=product&#038;p=16075"},"modified":"2025-12-22T14:04:51","modified_gmt":"2025-12-22T14:04:51","slug":"lautasliina-musta-40x40cm-14-taitto","status":"publish","type":"product","link":"https:\/\/restatukku.eu\/en\/product\/lautasliina-musta-40x40cm-14-taitto\/","title":{"rendered":"Lautasliina musta 40x40cm 1\/4 taitto"},"content":{"rendered":"","protected":false},"excerpt":{"rendered":"<div class=\"product__block product__description rte block-padding\">\n<div class=\"product__description__content rte\">\n<div class=\"product__block product__text block-padding\">\n<div class=\"product__block product__text block-padding\">\n<div class=\"product__block product__text block-padding\">\n<div class=\"product__block product__text block-padding\">\n<div class=\"product__block product__text block-padding\">\n<div class=\"product__block product__description rte block-padding\">\n<div class=\"product__description__content rte\">\n<div class=\"product__block product__description rte block-padding\">\n<div class=\"product__description__content rte\">\n<div class=\"product__block product__description rte block-padding\">\n<div class=\"product__description__content rte\">\n<p><strong>Lautasliina musta 40x40cm 1\/4 taitto<\/strong>\u00a0on valmistettu vastuullisesta FSC-sertifioidusta paperista. Lautasliina on kaksikerroksinen, mik\u00e4 tekee siit\u00e4 pehme\u00e4n, kest\u00e4v\u00e4n ja imukykyisen. Luo lautasliinan avulla\u00a0asiakkaillesi arvokkaampi sek\u00e4 siistimpi asiakaskokemus.<\/p>\n<\/div>\n<\/div>\n<div class=\"product__block product__custom-code block-padding\"><\/div>\n<\/div>\n<\/div>\n<\/div>\n<\/div>\n<\/div>\n<\/div>\n<\/div>\n<\/div>\n<\/div>\n<\/div>\n<\/div>","protected":false},"featured_media":16076,"template":"","meta":[],"product_brand":[],"product_cat":[15],"product_tag":[],"class_list":{"0":"post-16075","1":"product","2":"type-product","3":"status-publish","4":"has-post-thumbnail","6":"product_cat-uncategorized","8":"first","9":"instock","10":"shipping-taxable","11":"product-type-simple"},"_links":{"self":[{"href":"https:\/\/restatukku.eu\/en\/wp-json\/wp\/v2\/product\/16075","targetHints":{"allow":["GET"]}}],"collection":[{"href":"https:\/\/restatukku.eu\/en\/wp-json\/wp\/v2\/product"}],"about":[{"href":"https:\/\/restatukku.eu\/en\/wp-json\/wp\/v2\/types\/product"}],"wp:featuredmedia":[{"embeddable":true,"href":"https:\/\/restatukku.eu\/en\/wp-json\/wp\/v2\/media\/16076"}],"wp:attachment":[{"href":"https:\/\/restatukku.eu\/en\/wp-json\/wp\/v2\/media?parent=16075"}],"wp:term":[{"taxonomy":"product_brand","embeddable":true,"href":"https:\/\/restatukku.eu\/en\/wp-json\/wp\/v2\/product_brand?post=16075"},{"taxonomy":"product_cat","embeddable":true,"href":"https:\/\/restatukku.eu\/en\/wp-json\/wp\/v2\/product_cat?post=16075"},{"taxonomy":"product_tag","embeddable":true,"href":"https:\/\/restatukku.eu\/en\/wp-json\/wp\/v2\/product_tag?post=16075"}],"curies":[{"name":"wp","href":"https:\/\/api.w.org\/{rel}","templated":true}]}}