{"id":16011,"date":"2025-12-22T11:57:10","date_gmt":"2025-12-22T11:57:10","guid":{"rendered":"https:\/\/restatukku.eu\/?post_type=product&#038;p=16011"},"modified":"2025-12-22T11:58:17","modified_gmt":"2025-12-22T11:58:17","slug":"muovipikarin-insertti-300-400ml-rpet-muovi-o93mm","status":"publish","type":"product","link":"https:\/\/restatukku.eu\/en\/product\/muovipikarin-insertti-300-400ml-rpet-muovi-o93mm\/","title":{"rendered":"Muovipikarin insertti 300-400ml rPET-muovi \u00d893mm"},"content":{"rendered":"","protected":false},"excerpt":{"rendered":"<div class=\"product__block product__description rte block-padding\">\n<div class=\"product__description__content rte\">\n<div class=\"product__block product__description rte block-padding\">\n<div class=\"product__description__content rte\">\n<div class=\"product__block product__description rte block-padding\">\n<div class=\"product__description__content rte\">\n<div class=\"product__block product__description rte block-padding\">\n<div class=\"product__description__content rte\">\n<div class=\"product__block product__description rte block-padding\">\n<div class=\"product__description__content rte\">\n<div class=\"product__block product__description rte block-padding\">\n<div class=\"product__description__content rte\">\n<div class=\"product__block product__description rte block-padding\">\n<div class=\"product__description__content rte\">\n<div class=\"product__block product__description rte block-padding\">\n<div class=\"product__description__content rte\">\n<p>Muovipikarin insertti 300-400ml on valmistettu kierr\u00e4tetyst\u00e4 rPET-muovi \u00d893mm. Insertin avulla voit k\u00e4tev\u00e4sti erotella esimerkiksi jugurtin ja myslit ennen myynti\u00e4. Insertti on yhteensopiva artikkeleiden 2NOL G270, 2NOL G440 ja 2NOL G470 kanssa.<\/p>\n<\/div>\n<\/div>\n<\/div>\n<\/div>\n<\/div>\n<\/div>\n<\/div>\n<\/div>\n<\/div>\n<\/div>\n<\/div>\n<\/div>\n<\/div>\n<\/div>\n<\/div>\n<\/div>","protected":false},"featured_media":16012,"template":"","meta":[],"product_brand":[],"product_cat":[15],"product_tag":[],"class_list":{"0":"post-16011","1":"product","2":"type-product","3":"status-publish","4":"has-post-thumbnail","6":"product_cat-uncategorized","8":"first","9":"instock","10":"shipping-taxable","11":"product-type-simple"},"_links":{"self":[{"href":"https:\/\/restatukku.eu\/en\/wp-json\/wp\/v2\/product\/16011","targetHints":{"allow":["GET"]}}],"collection":[{"href":"https:\/\/restatukku.eu\/en\/wp-json\/wp\/v2\/product"}],"about":[{"href":"https:\/\/restatukku.eu\/en\/wp-json\/wp\/v2\/types\/product"}],"wp:featuredmedia":[{"embeddable":true,"href":"https:\/\/restatukku.eu\/en\/wp-json\/wp\/v2\/media\/16012"}],"wp:attachment":[{"href":"https:\/\/restatukku.eu\/en\/wp-json\/wp\/v2\/media?parent=16011"}],"wp:term":[{"taxonomy":"product_brand","embeddable":true,"href":"https:\/\/restatukku.eu\/en\/wp-json\/wp\/v2\/product_brand?post=16011"},{"taxonomy":"product_cat","embeddable":true,"href":"https:\/\/restatukku.eu\/en\/wp-json\/wp\/v2\/product_cat?post=16011"},{"taxonomy":"product_tag","embeddable":true,"href":"https:\/\/restatukku.eu\/en\/wp-json\/wp\/v2\/product_tag?post=16011"}],"curies":[{"name":"wp","href":"https:\/\/api.w.org\/{rel}","templated":true}]}}