{"id":15990,"date":"2025-12-22T11:38:34","date_gmt":"2025-12-22T11:38:34","guid":{"rendered":"https:\/\/restatukku.eu\/?post_type=product&#038;p=15990"},"modified":"2025-12-22T11:39:17","modified_gmt":"2025-12-22T11:39:17","slug":"kartonkinen-kahvikuppi-ruskea-240ml-kopio","status":"publish","type":"product","link":"https:\/\/restatukku.eu\/en\/product\/kartonkinen-kahvikuppi-ruskea-240ml-kopio\/","title":{"rendered":"Kartonkinen kahvikuppi ruskea 240ml"},"content":{"rendered":"","protected":false},"excerpt":{"rendered":"<div class=\"product__block product__description rte block-padding\">\n<div class=\"product__description__content rte\">\n<div class=\"product__block product__description rte block-padding\">\n<div class=\"product__description__content rte\">\n<div class=\"product__block product__description rte block-padding\">\n<div class=\"product__description__content rte\">\n<div class=\"product__block product__description rte block-padding\">\n<div class=\"product__description__content rte\">\n<p><strong>Kartonkinen kahvikuppi ruskea 240ml<\/strong> soveltuu erityisesti l\u00e4mpimille juomille. Kahvikupit ovat tyylikk\u00e4\u00e4ll\u00e4 ruskealla yleispanatuksella, joten kupit sopivat jokaiseen k\u00e4ytt\u00f6\u00f6n. L\u00f6ytyy yhteensopiva bagassikansi, NBBKK80.<\/p>\n<\/div>\n<\/div>\n<\/div>\n<\/div>\n<\/div>\n<\/div>\n<\/div>\n<\/div>","protected":false},"featured_media":15988,"template":"","meta":[],"product_brand":[],"product_cat":[15],"product_tag":[],"class_list":{"0":"post-15990","1":"product","2":"type-product","3":"status-publish","4":"has-post-thumbnail","6":"product_cat-uncategorized","8":"first","9":"instock","10":"shipping-taxable","11":"product-type-simple"},"_links":{"self":[{"href":"https:\/\/restatukku.eu\/en\/wp-json\/wp\/v2\/product\/15990","targetHints":{"allow":["GET"]}}],"collection":[{"href":"https:\/\/restatukku.eu\/en\/wp-json\/wp\/v2\/product"}],"about":[{"href":"https:\/\/restatukku.eu\/en\/wp-json\/wp\/v2\/types\/product"}],"wp:featuredmedia":[{"embeddable":true,"href":"https:\/\/restatukku.eu\/en\/wp-json\/wp\/v2\/media\/15988"}],"wp:attachment":[{"href":"https:\/\/restatukku.eu\/en\/wp-json\/wp\/v2\/media?parent=15990"}],"wp:term":[{"taxonomy":"product_brand","embeddable":true,"href":"https:\/\/restatukku.eu\/en\/wp-json\/wp\/v2\/product_brand?post=15990"},{"taxonomy":"product_cat","embeddable":true,"href":"https:\/\/restatukku.eu\/en\/wp-json\/wp\/v2\/product_cat?post=15990"},{"taxonomy":"product_tag","embeddable":true,"href":"https:\/\/restatukku.eu\/en\/wp-json\/wp\/v2\/product_tag?post=15990"}],"curies":[{"name":"wp","href":"https:\/\/api.w.org\/{rel}","templated":true}]}}