{"id":15972,"date":"2025-12-22T09:25:38","date_gmt":"2025-12-22T09:25:38","guid":{"rendered":"https:\/\/restatukku.eu\/?post_type=product&#038;p=15972"},"modified":"2025-12-22T09:26:17","modified_gmt":"2025-12-22T09:26:17","slug":"grillipussi-bbqandgrill-200x70x350mm","status":"publish","type":"product","link":"https:\/\/restatukku.eu\/en\/product\/grillipussi-bbqandgrill-200x70x350mm\/","title":{"rendered":"Grillipussi &#8221;BBQ&#038;GRILL&#8221; 200x70x350mm"},"content":{"rendered":"","protected":false},"excerpt":{"rendered":"<p>Alumiinilla vuorattu grillipussi &#8221;BBQ&#038;GRILL&#8221; 200x70x350mm tarjoaa tehokkaan l\u00e4mp\u00f6eristyksen, s\u00e4ilytt\u00e4en elintarvikkeet l\u00e4mpimin\u00e4 pidemp\u00e4\u00e4n. Grillipussi soveltuu erinomaisesti v\u00e4hitt\u00e4iskauppojen, grillien, sek\u00e4 ravintoloiden k\u00e4ytt\u00f6\u00f6n.<\/p>","protected":false},"featured_media":15971,"template":"","meta":[],"product_brand":[],"product_cat":[15],"product_tag":[],"class_list":{"0":"post-15972","1":"product","2":"type-product","3":"status-publish","4":"has-post-thumbnail","6":"product_cat-uncategorized","8":"first","9":"instock","10":"shipping-taxable","11":"product-type-simple"},"_links":{"self":[{"href":"https:\/\/restatukku.eu\/en\/wp-json\/wp\/v2\/product\/15972","targetHints":{"allow":["GET"]}}],"collection":[{"href":"https:\/\/restatukku.eu\/en\/wp-json\/wp\/v2\/product"}],"about":[{"href":"https:\/\/restatukku.eu\/en\/wp-json\/wp\/v2\/types\/product"}],"wp:featuredmedia":[{"embeddable":true,"href":"https:\/\/restatukku.eu\/en\/wp-json\/wp\/v2\/media\/15971"}],"wp:attachment":[{"href":"https:\/\/restatukku.eu\/en\/wp-json\/wp\/v2\/media?parent=15972"}],"wp:term":[{"taxonomy":"product_brand","embeddable":true,"href":"https:\/\/restatukku.eu\/en\/wp-json\/wp\/v2\/product_brand?post=15972"},{"taxonomy":"product_cat","embeddable":true,"href":"https:\/\/restatukku.eu\/en\/wp-json\/wp\/v2\/product_cat?post=15972"},{"taxonomy":"product_tag","embeddable":true,"href":"https:\/\/restatukku.eu\/en\/wp-json\/wp\/v2\/product_tag?post=15972"}],"curies":[{"name":"wp","href":"https:\/\/api.w.org\/{rel}","templated":true}]}}