{"id":15967,"date":"2025-12-22T09:17:36","date_gmt":"2025-12-22T09:17:36","guid":{"rendered":"https:\/\/restatukku.eu\/?post_type=product&#038;p=15967"},"modified":"2025-12-22T09:19:07","modified_gmt":"2025-12-22T09:19:07","slug":"saumattava-ikkunallinen-grillipussi-ruskea-150x60x300mm","status":"publish","type":"product","link":"https:\/\/restatukku.eu\/en\/product\/saumattava-ikkunallinen-grillipussi-ruskea-150x60x300mm\/","title":{"rendered":"Saumattava ikkunallinen grillipussi ruskea 150x60x300mm"},"content":{"rendered":"","protected":false},"excerpt":{"rendered":"<p>Saumattava ikkunallinen grillipussi ruskea 150x60x300mm soveltuu erinomaisesti esimerkiksi broilereille, lihalle ja tuoreelle kalalle. Pussit ovat nestevuodon kest\u00e4vi\u00e4 ja sopivat kuumille ja kylmille l\u00e4mp\u00f6tiloille. Pussien yl\u00e4reuna on my\u00f6s mahdollista pakkauksen yhteydess\u00e4 saumata kiinni k\u00e4sik\u00e4ytt\u00f6isell\u00e4 kuumasaumaajalla. N\u00e4in asiakas voi olla varma, ett\u00e4 saa tiiviin pakkauksen.<\/p>","protected":false},"featured_media":15968,"template":"","meta":[],"product_brand":[],"product_cat":[15],"product_tag":[],"class_list":{"0":"post-15967","1":"product","2":"type-product","3":"status-publish","4":"has-post-thumbnail","6":"product_cat-uncategorized","8":"first","9":"instock","10":"shipping-taxable","11":"product-type-simple"},"_links":{"self":[{"href":"https:\/\/restatukku.eu\/en\/wp-json\/wp\/v2\/product\/15967","targetHints":{"allow":["GET"]}}],"collection":[{"href":"https:\/\/restatukku.eu\/en\/wp-json\/wp\/v2\/product"}],"about":[{"href":"https:\/\/restatukku.eu\/en\/wp-json\/wp\/v2\/types\/product"}],"wp:featuredmedia":[{"embeddable":true,"href":"https:\/\/restatukku.eu\/en\/wp-json\/wp\/v2\/media\/15968"}],"wp:attachment":[{"href":"https:\/\/restatukku.eu\/en\/wp-json\/wp\/v2\/media?parent=15967"}],"wp:term":[{"taxonomy":"product_brand","embeddable":true,"href":"https:\/\/restatukku.eu\/en\/wp-json\/wp\/v2\/product_brand?post=15967"},{"taxonomy":"product_cat","embeddable":true,"href":"https:\/\/restatukku.eu\/en\/wp-json\/wp\/v2\/product_cat?post=15967"},{"taxonomy":"product_tag","embeddable":true,"href":"https:\/\/restatukku.eu\/en\/wp-json\/wp\/v2\/product_tag?post=15967"}],"curies":[{"name":"wp","href":"https:\/\/api.w.org\/{rel}","templated":true}]}}