{"id":15963,"date":"2025-12-22T09:12:20","date_gmt":"2025-12-22T09:12:20","guid":{"rendered":"https:\/\/restatukku.eu\/?post_type=product&#038;p=15963"},"modified":"2025-12-22T09:14:23","modified_gmt":"2025-12-22T09:14:23","slug":"muovikassi-valkoinen-20l-30my","status":"publish","type":"product","link":"https:\/\/restatukku.eu\/en\/product\/muovikassi-valkoinen-20l-30my\/","title":{"rendered":"Muovikassi valkoinen 20l 30my"},"content":{"rendered":"","protected":false},"excerpt":{"rendered":"<p>Muovikassi valkoinen 20l 30my on valmistettu LDPE-muovista. Muovikassin edullisuus ja sen kest\u00e4vyys tekev\u00e4t tuotteesta varman valinnan. Muovikassi on EAN-kooditettu, joten kassi sopii my\u00f6s yksitt\u00e4ismyyntiin.<\/p>","protected":false},"featured_media":15964,"template":"","meta":[],"product_brand":[],"product_cat":[15],"product_tag":[],"class_list":{"0":"post-15963","1":"product","2":"type-product","3":"status-publish","4":"has-post-thumbnail","6":"product_cat-uncategorized","8":"first","9":"instock","10":"shipping-taxable","11":"product-type-simple"},"_links":{"self":[{"href":"https:\/\/restatukku.eu\/en\/wp-json\/wp\/v2\/product\/15963","targetHints":{"allow":["GET"]}}],"collection":[{"href":"https:\/\/restatukku.eu\/en\/wp-json\/wp\/v2\/product"}],"about":[{"href":"https:\/\/restatukku.eu\/en\/wp-json\/wp\/v2\/types\/product"}],"wp:featuredmedia":[{"embeddable":true,"href":"https:\/\/restatukku.eu\/en\/wp-json\/wp\/v2\/media\/15964"}],"wp:attachment":[{"href":"https:\/\/restatukku.eu\/en\/wp-json\/wp\/v2\/media?parent=15963"}],"wp:term":[{"taxonomy":"product_brand","embeddable":true,"href":"https:\/\/restatukku.eu\/en\/wp-json\/wp\/v2\/product_brand?post=15963"},{"taxonomy":"product_cat","embeddable":true,"href":"https:\/\/restatukku.eu\/en\/wp-json\/wp\/v2\/product_cat?post=15963"},{"taxonomy":"product_tag","embeddable":true,"href":"https:\/\/restatukku.eu\/en\/wp-json\/wp\/v2\/product_tag?post=15963"}],"curies":[{"name":"wp","href":"https:\/\/api.w.org\/{rel}","templated":true}]}}