{"id":15914,"date":"2025-12-11T10:16:57","date_gmt":"2025-12-11T10:16:57","guid":{"rendered":"http:\/\/localhost\/Restatukku\/?post_type=product&#038;p=15914"},"modified":"2025-12-11T10:18:37","modified_gmt":"2025-12-11T10:18:37","slug":"he-vi-rullamuovikassi-lapinakyva","status":"publish","type":"product","link":"https:\/\/restatukku.eu\/en\/product\/he-vi-rullamuovikassi-lapinakyva\/","title":{"rendered":"He-Vi rullamuovikassi l\u00e4pin\u00e4kyv\u00e4"},"content":{"rendered":"<p>3000 kpl\/ltk (6 rll x 500 kpl)<\/p>","protected":false},"excerpt":{"rendered":"<p><strong>He-Vi-rullamuovikassi<\/strong>\u00a0on valmistettu HDPE muovista. Muovikassi sopii erinomaisesti markettien hedelm\u00e4 ja vihannes osastolle.<\/p>","protected":false},"featured_media":15915,"template":"","meta":[],"product_brand":[],"product_cat":[15],"product_tag":[],"class_list":{"0":"post-15914","1":"product","2":"type-product","3":"status-publish","4":"has-post-thumbnail","6":"product_cat-uncategorized","8":"first","9":"instock","10":"shipping-taxable","11":"product-type-simple"},"_links":{"self":[{"href":"https:\/\/restatukku.eu\/en\/wp-json\/wp\/v2\/product\/15914","targetHints":{"allow":["GET"]}}],"collection":[{"href":"https:\/\/restatukku.eu\/en\/wp-json\/wp\/v2\/product"}],"about":[{"href":"https:\/\/restatukku.eu\/en\/wp-json\/wp\/v2\/types\/product"}],"wp:featuredmedia":[{"embeddable":true,"href":"https:\/\/restatukku.eu\/en\/wp-json\/wp\/v2\/media\/15915"}],"wp:attachment":[{"href":"https:\/\/restatukku.eu\/en\/wp-json\/wp\/v2\/media?parent=15914"}],"wp:term":[{"taxonomy":"product_brand","embeddable":true,"href":"https:\/\/restatukku.eu\/en\/wp-json\/wp\/v2\/product_brand?post=15914"},{"taxonomy":"product_cat","embeddable":true,"href":"https:\/\/restatukku.eu\/en\/wp-json\/wp\/v2\/product_cat?post=15914"},{"taxonomy":"product_tag","embeddable":true,"href":"https:\/\/restatukku.eu\/en\/wp-json\/wp\/v2\/product_tag?post=15914"}],"curies":[{"name":"wp","href":"https:\/\/api.w.org\/{rel}","templated":true}]}}