{"id":15912,"date":"2025-12-11T10:14:41","date_gmt":"2025-12-11T10:14:41","guid":{"rendered":"http:\/\/localhost\/Restatukku\/?post_type=product&#038;p=15912"},"modified":"2026-02-06T09:16:52","modified_gmt":"2026-02-06T09:16:52","slug":"paperikassi-15l","status":"publish","type":"product","link":"https:\/\/restatukku.eu\/en\/product\/paperikassi-15l\/","title":{"rendered":"Paper bag 15L"},"content":{"rendered":"<p>Paper bag 15L<\/p>","protected":false},"excerpt":{"rendered":"<p><strong>Paper bag 15L<\/strong> sopii erinomaiseti raskaammillekin ostoksille, sill\u00e4 materiaali on neitseellist\u00e4 tehden siit\u00e4 kest\u00e4v\u00e4mm\u00e4n. Materiaali on FSC-sertifioitua.<\/p>","protected":false},"featured_media":15913,"template":"","meta":[],"product_brand":[],"product_cat":[94],"product_tag":[],"class_list":{"0":"post-15912","1":"product","2":"type-product","3":"status-publish","4":"has-post-thumbnail","6":"product_cat-pakkaukset","8":"first","9":"instock","10":"shipping-taxable","11":"product-type-simple"},"_links":{"self":[{"href":"https:\/\/restatukku.eu\/en\/wp-json\/wp\/v2\/product\/15912","targetHints":{"allow":["GET"]}}],"collection":[{"href":"https:\/\/restatukku.eu\/en\/wp-json\/wp\/v2\/product"}],"about":[{"href":"https:\/\/restatukku.eu\/en\/wp-json\/wp\/v2\/types\/product"}],"wp:featuredmedia":[{"embeddable":true,"href":"https:\/\/restatukku.eu\/en\/wp-json\/wp\/v2\/media\/15913"}],"wp:attachment":[{"href":"https:\/\/restatukku.eu\/en\/wp-json\/wp\/v2\/media?parent=15912"}],"wp:term":[{"taxonomy":"product_brand","embeddable":true,"href":"https:\/\/restatukku.eu\/en\/wp-json\/wp\/v2\/product_brand?post=15912"},{"taxonomy":"product_cat","embeddable":true,"href":"https:\/\/restatukku.eu\/en\/wp-json\/wp\/v2\/product_cat?post=15912"},{"taxonomy":"product_tag","embeddable":true,"href":"https:\/\/restatukku.eu\/en\/wp-json\/wp\/v2\/product_tag?post=15912"}],"curies":[{"name":"wp","href":"https:\/\/api.w.org\/{rel}","templated":true}]}}