{"id":15905,"date":"2025-12-11T10:02:59","date_gmt":"2025-12-11T10:02:59","guid":{"rendered":"http:\/\/localhost\/Restatukku\/?post_type=product&#038;p=15905"},"modified":"2025-12-11T10:04:36","modified_gmt":"2025-12-11T10:04:36","slug":"leipapussi-selluikkunalla-ruskea-1kg-120x60x290mm","status":"publish","type":"product","link":"https:\/\/restatukku.eu\/en\/product\/leipapussi-selluikkunalla-ruskea-1kg-120x60x290mm\/","title":{"rendered":"Leip\u00e4pussi selluikkunalla ruskea 1kg (120x60x290mm)"},"content":{"rendered":"","protected":false},"excerpt":{"rendered":"<p><strong>Leip\u00e4pussi ruskea 1kg<\/strong>\u00a0on k\u00e4tev\u00e4 ja kustannustehokas pakkaus leiville ja leivonnaisille. Soveltuvat erinomaisesti my\u00f6s paistopisteille. Leip\u00e4pussit ovat 100% muovittomia ja FSC-sertifioituja.<\/p>","protected":false},"featured_media":15906,"template":"","meta":[],"product_brand":[],"product_cat":[15],"product_tag":[],"class_list":{"0":"post-15905","1":"product","2":"type-product","3":"status-publish","4":"has-post-thumbnail","6":"product_cat-uncategorized","8":"first","9":"instock","10":"shipping-taxable","11":"product-type-simple"},"_links":{"self":[{"href":"https:\/\/restatukku.eu\/en\/wp-json\/wp\/v2\/product\/15905","targetHints":{"allow":["GET"]}}],"collection":[{"href":"https:\/\/restatukku.eu\/en\/wp-json\/wp\/v2\/product"}],"about":[{"href":"https:\/\/restatukku.eu\/en\/wp-json\/wp\/v2\/types\/product"}],"wp:featuredmedia":[{"embeddable":true,"href":"https:\/\/restatukku.eu\/en\/wp-json\/wp\/v2\/media\/15906"}],"wp:attachment":[{"href":"https:\/\/restatukku.eu\/en\/wp-json\/wp\/v2\/media?parent=15905"}],"wp:term":[{"taxonomy":"product_brand","embeddable":true,"href":"https:\/\/restatukku.eu\/en\/wp-json\/wp\/v2\/product_brand?post=15905"},{"taxonomy":"product_cat","embeddable":true,"href":"https:\/\/restatukku.eu\/en\/wp-json\/wp\/v2\/product_cat?post=15905"},{"taxonomy":"product_tag","embeddable":true,"href":"https:\/\/restatukku.eu\/en\/wp-json\/wp\/v2\/product_tag?post=15905"}],"curies":[{"name":"wp","href":"https:\/\/api.w.org\/{rel}","templated":true}]}}