{"id":15901,"date":"2025-12-11T09:56:48","date_gmt":"2025-12-11T09:56:48","guid":{"rendered":"http:\/\/localhost\/Restatukku\/?post_type=product&#038;p=15901"},"modified":"2026-01-07T12:46:08","modified_gmt":"2026-01-07T12:46:08","slug":"take-away-paperikassi-take-food-away-ruskea-32x17x29cm","status":"publish","type":"product","link":"https:\/\/restatukku.eu\/en\/product\/take-away-paperikassi-take-food-away-ruskea-32x17x29cm\/","title":{"rendered":"Take away paperikassi &#8221;take food away&#8221; ruskea 32x17x29cm"},"content":{"rendered":"","protected":false},"excerpt":{"rendered":"<p><strong>Take away paperikassi &#8221;take food away&#8221; ruskea 32x17x29cm<\/strong>\u00a0on valmistettu neitseellisest\u00e4 FSC-sertifioidusta materiaalista. Take away paperikassin pohja varmistaa sen, ett\u00e4 take away pakkaukset mahtuvat pussiin tyylikk\u00e4\u00e4sti. Paperikassimme on kest\u00e4v\u00e4 ja ymp\u00e4rist\u00f6yst\u00e4v\u00e4llinen valinta, joka sopii erinomaisesti erilaisiin kuljetustarpeisiin.<\/p>","protected":false},"featured_media":15902,"template":"","meta":[],"product_brand":[],"product_cat":[15],"product_tag":[],"class_list":{"0":"post-15901","1":"product","2":"type-product","3":"status-publish","4":"has-post-thumbnail","6":"product_cat-uncategorized","8":"first","9":"instock","10":"shipping-taxable","11":"product-type-simple"},"_links":{"self":[{"href":"https:\/\/restatukku.eu\/en\/wp-json\/wp\/v2\/product\/15901","targetHints":{"allow":["GET"]}}],"collection":[{"href":"https:\/\/restatukku.eu\/en\/wp-json\/wp\/v2\/product"}],"about":[{"href":"https:\/\/restatukku.eu\/en\/wp-json\/wp\/v2\/types\/product"}],"wp:featuredmedia":[{"embeddable":true,"href":"https:\/\/restatukku.eu\/en\/wp-json\/wp\/v2\/media\/15902"}],"wp:attachment":[{"href":"https:\/\/restatukku.eu\/en\/wp-json\/wp\/v2\/media?parent=15901"}],"wp:term":[{"taxonomy":"product_brand","embeddable":true,"href":"https:\/\/restatukku.eu\/en\/wp-json\/wp\/v2\/product_brand?post=15901"},{"taxonomy":"product_cat","embeddable":true,"href":"https:\/\/restatukku.eu\/en\/wp-json\/wp\/v2\/product_cat?post=15901"},{"taxonomy":"product_tag","embeddable":true,"href":"https:\/\/restatukku.eu\/en\/wp-json\/wp\/v2\/product_tag?post=15901"}],"curies":[{"name":"wp","href":"https:\/\/api.w.org\/{rel}","templated":true}]}}