{"id":322,"date":"2023-03-02T16:03:01","date_gmt":"2023-03-02T16:03:01","guid":{"rendered":"http:\/\/localhost\/wp\/furento\/?page_id=322"},"modified":"2026-02-18T12:36:07","modified_gmt":"2026-02-18T12:36:07","slug":"about","status":"publish","type":"page","link":"https:\/\/restatukku.eu\/en\/about\/","title":{"rendered":"About Us"},"content":{"rendered":"<div data-elementor-type=\"wp-page\" data-elementor-id=\"322\" class=\"elementor elementor-322\">\n\t\t\t\t<div class=\"elementor-element elementor-element-c1bb39c e-flex e-con-boxed e-con e-parent\" data-id=\"c1bb39c\" data-element_type=\"container\">\n\t\t\t\t\t<div class=\"e-con-inner\">\n\t\t<div class=\"elementor-element elementor-element-10cfa5e e-con-full e-flex e-con e-child\" data-id=\"10cfa5e\" data-element_type=\"container\">\n\t\t\t\t<div class=\"elementor-element elementor-element-eae6e47 elementor-widget elementor-widget-heading\" data-id=\"eae6e47\" data-element_type=\"widget\" data-widget_type=\"heading.default\">\n\t\t\t\t\t<h2 class=\"elementor-heading-title elementor-size-default\">Joints that do not leak<\/h2>\t\t\t\t<\/div>\n\t\t\t\t<div class=\"elementor-element elementor-element-fb66b80 elementor-widget__width-initial elementor-widget elementor-widget-text-editor\" data-id=\"fb66b80\" data-element_type=\"widget\" data-widget_type=\"text-editor.default\">\n\t\t\t\t\t\t\t\t\t<div id=\"shopify-section-template--24246496002383__section_double_cyykLb\" class=\"shopify-section section-overlay-header\"><section id=\"BrickSection--template--24246496002383__section_double_cyykLb\" class=\"index-image-text section-padding text-left color-scheme-1\" data-section-id=\"template--24246496002383__section_double_cyykLb\" data-section-type=\"double\"><div class=\"brick__section wrapper--full screen-height-one-half screen-height-one-half--mobile\"><div class=\"brick__block brick__block--text\"><div class=\"brick__block__text\"><div class=\"hero__content hero__content--compact hero__content--no-padding\"><div class=\"hero__rte body-large block-padding aos-animate\" data-aos=\"hero\" data-aos-anchor=\"#BrickSection--template--24246496002383__section_double_cyykLb\" data-aos-order=\"2\"><p>Carefully designed joints ensure that the packaging remains completely sealed and does not leak. This ensures that the products remain neatly packaged during transport and storage.<\/p><\/div><\/div><\/div><\/div><\/div><\/section><\/div><div id=\"shopify-section-template--24246496002383__section_divider_Y9JkPi\" class=\"shopify-section divider-container\">\u00a0<\/div>\t\t\t\t\t\t\t\t<\/div>\n\t\t\t\t<\/div>\n\t\t\t\t\t<\/div>\n\t\t\t\t<\/div>\n\t\t<div class=\"elementor-element elementor-element-0bb2af7 e-flex e-con-boxed e-con e-parent\" data-id=\"0bb2af7\" data-element_type=\"container\">\n\t\t\t\t\t<div class=\"e-con-inner\">\n\t\t<div class=\"elementor-element elementor-element-06e64aa e-con-full e-flex e-con e-child\" data-id=\"06e64aa\" data-element_type=\"container\">\n\t\t\t\t<div class=\"elementor-element elementor-element-9dfccf3 elementor-widget elementor-widget-image\" data-id=\"9dfccf3\" data-element_type=\"widget\" data-widget_type=\"image.default\">\n\t\t\t\t\t\t\t\t\t\t\t\t\t\t\t<img fetchpriority=\"high\" decoding=\"async\" width=\"1000\" height=\"667\" src=\"https:\/\/restatukku.eu\/wp-content\/uploads\/2024\/03\/top-view-kraft-paper-food-containers.webp\" class=\"attachment-full size-full wp-image-16162\" alt=\"\" srcset=\"https:\/\/restatukku.eu\/wp-content\/uploads\/2024\/03\/top-view-kraft-paper-food-containers.webp 1000w, https:\/\/restatukku.eu\/wp-content\/uploads\/2024\/03\/top-view-kraft-paper-food-containers-300x200.webp 300w, https:\/\/restatukku.eu\/wp-content\/uploads\/2024\/03\/top-view-kraft-paper-food-containers-768x512.webp 768w, https:\/\/restatukku.eu\/wp-content\/uploads\/2024\/03\/top-view-kraft-paper-food-containers-600x400.webp 600w\" sizes=\"(max-width: 1000px) 100vw, 1000px\" \/>\t\t\t\t\t\t\t\t\t\t\t\t\t\t\t<\/div>\n\t\t\t\t<\/div>\n\t\t\t\t\t<\/div>\n\t\t\t\t<\/div>\n\t\t<div class=\"elementor-element elementor-element-934b537 e-flex e-con-boxed e-con e-parent\" data-id=\"934b537\" data-element_type=\"container\">\n\t\t\t\t\t<div class=\"e-con-inner\">\n\t\t<div class=\"elementor-element elementor-element-aa53fe6 e-con-full e-flex e-con e-child\" data-id=\"aa53fe6\" data-element_type=\"container\">\n\t\t<div class=\"elementor-element elementor-element-f414c39 e-con-full e-flex e-con e-child\" data-id=\"f414c39\" data-element_type=\"container\">\n\t\t<div class=\"elementor-element elementor-element-25681cf e-con-full e-flex e-con e-child\" data-id=\"25681cf\" data-element_type=\"container\">\n\t\t\t\t<div class=\"elementor-element elementor-element-800a7ea elementor-widget elementor-widget-heading\" data-id=\"800a7ea\" data-element_type=\"widget\" data-widget_type=\"heading.default\">\n\t\t\t\t\t<h2 class=\"elementor-heading-title elementor-size-default\">Our mission<\/h2>\t\t\t\t<\/div>\n\t\t\t\t<div class=\"elementor-element elementor-element-2ffe891 elementor-widget elementor-widget-text-editor\" data-id=\"2ffe891\" data-element_type=\"widget\" data-widget_type=\"text-editor.default\">\n\t\t\t\t\t\t\t\t\t<p>Our mission is to provide high-quality, competitive, and sustainable packaging solutions that make everyday life easier. We are constantly looking for new ways to create value \u2013 together.<\/p>\t\t\t\t\t\t\t\t<\/div>\n\t\t\t\t<\/div>\n\t\t<div class=\"elementor-element elementor-element-3bb7d52 e-con-full e-flex e-con e-child\" data-id=\"3bb7d52\" data-element_type=\"container\">\n\t\t\t\t<div class=\"elementor-element elementor-element-9d25ac4 elementor-widget elementor-widget-heading\" data-id=\"9d25ac4\" data-element_type=\"widget\" data-widget_type=\"heading.default\">\n\t\t\t\t\t<h2 class=\"elementor-heading-title elementor-size-default\">Our vision<\/h2>\t\t\t\t<\/div>\n\t\t\t\t<div class=\"elementor-element elementor-element-b5b5722 elementor-widget elementor-widget-text-editor\" data-id=\"b5b5722\" data-element_type=\"widget\" data-widget_type=\"text-editor.default\">\n\t\t\t\t\t\t\t\t\t<p>We are a reliable partner that helps our customers succeed. We are constantly looking for new ways to create value \u2013 together.<\/p>\t\t\t\t\t\t\t\t<\/div>\n\t\t\t\t<\/div>\n\t\t\t\t<\/div>\n\t\t\t\t<\/div>\n\t\t\t\t\t<\/div>\n\t\t\t\t<\/div>\n\t\t<div class=\"elementor-element elementor-element-ff70f08 e-con-full e-flex e-con e-parent\" data-id=\"ff70f08\" data-element_type=\"container\">\n\t\t<div class=\"elementor-element elementor-element-9929f59 e-con-full e-flex e-con e-child\" data-id=\"9929f59\" data-element_type=\"container\">\n\t\t\t\t<div class=\"elementor-element elementor-element-140acf3 elementor-widget elementor-widget-image\" data-id=\"140acf3\" data-element_type=\"widget\" data-widget_type=\"image.default\">\n\t\t\t\t\t\t\t\t\t\t\t\t\t\t\t<img decoding=\"async\" width=\"840\" height=\"420\" src=\"https:\/\/restatukku.eu\/wp-content\/uploads\/2025\/12\/coffee-shop-1.jpg\" class=\"attachment-full size-full wp-image-16156\" alt=\"\" srcset=\"https:\/\/restatukku.eu\/wp-content\/uploads\/2025\/12\/coffee-shop-1.jpg 840w, https:\/\/restatukku.eu\/wp-content\/uploads\/2025\/12\/coffee-shop-1-300x150.jpg 300w, https:\/\/restatukku.eu\/wp-content\/uploads\/2025\/12\/coffee-shop-1-768x384.jpg 768w, https:\/\/restatukku.eu\/wp-content\/uploads\/2025\/12\/coffee-shop-1-600x300.jpg 600w\" sizes=\"(max-width: 840px) 100vw, 840px\" \/>\t\t\t\t\t\t\t\t\t\t\t\t\t\t\t<\/div>\n\t\t\t\t<\/div>\n\t\t<div class=\"elementor-element elementor-element-7c88134 e-con-full e-flex e-con e-child\" data-id=\"7c88134\" data-element_type=\"container\" data-settings=\"{&quot;background_background&quot;:&quot;classic&quot;}\">\n\t\t\t\t<div class=\"elementor-element elementor-element-a0029ab elementor-widget elementor-widget-heading\" data-id=\"a0029ab\" data-element_type=\"widget\" data-widget_type=\"heading.default\">\n\t\t\t\t\t<h2 class=\"elementor-heading-title elementor-size-default\">This feature helps optimize the use of sales space and ensures that products are displayed neatly and attractively. <\/h2>\t\t\t\t<\/div>\n\t\t\t\t<div class=\"elementor-element elementor-element-7a4635c elementor-align-center elementor-widget elementor-widget-button\" data-id=\"7a4635c\" data-element_type=\"widget\" data-widget_type=\"button.default\">\n\t\t\t\t\t\t\t\t\t\t<a class=\"elementor-button elementor-button-link elementor-size-sm\" href=\"\/en\/product-category\/pakastetuotteet\/\">\n\t\t\t\t\t\t<span class=\"elementor-button-content-wrapper\">\n\t\t\t\t\t\t<span class=\"elementor-button-icon\">\n\t\t\t\t<svg aria-hidden=\"true\" class=\"e-font-icon-svg e-fas-arrow-right\" viewbox=\"0 0 448 512\" xmlns=\"http:\/\/www.w3.org\/2000\/svg\"><path d=\"M190.5 66.9l22.2-22.2c9.4-9.4 24.6-9.4 33.9 0L441 239c9.4 9.4 9.4 24.6 0 33.9L246.6 467.3c-9.4 9.4-24.6 9.4-33.9 0l-22.2-22.2c-9.5-9.5-9.3-25 .4-34.3L311.4 296H24c-13.3 0-24-10.7-24-24v-32c0-13.3 10.7-24 24-24h287.4L190.9 101.2c-9.8-9.3-10-24.8-.4-34.3z\"><\/path><\/svg>\t\t\t<\/span>\n\t\t\t\t\t\t\t\t\t<span class=\"elementor-button-text\">L\u00f6yd\u00e4 nyt<\/span>\n\t\t\t\t\t<\/span>\n\t\t\t\t\t<\/a>\n\t\t\t\t\t\t\t\t<\/div>\n\t\t\t\t<\/div>\n\t\t\t\t<\/div>\n\t\t<div class=\"elementor-element elementor-element-0e7b1d6 e-flex e-con-boxed e-con e-parent\" data-id=\"0e7b1d6\" data-element_type=\"container\">\n\t\t\t\t\t<div class=\"e-con-inner\">\n\t\t<div class=\"elementor-element elementor-element-e321f6b e-con-full e-flex e-con e-child\" data-id=\"e321f6b\" data-element_type=\"container\">\n\t\t<div class=\"elementor-element elementor-element-9786fe0 e-con-full e-flex e-con e-child\" data-id=\"9786fe0\" data-element_type=\"container\">\n\t\t\t\t<div class=\"elementor-element elementor-element-cef9717 elementor-widget elementor-widget-dekoro_banner\" data-id=\"cef9717\" data-element_type=\"widget\" data-widget_type=\"dekoro_banner.default\">\n\t\t\t\t<div class=\"elementor-widget-container\">\n\t\t\t\t\t            \n            <div class=\"widget-banner  style1\">\n                                    <a href=\"http:\/\/product-category\/kastikkeet\/\">\n                                    <div class=\"wrapper-banner\">\n                        <div class=\"content-banner\">\n                        <\/div>\n                         <div class=\"inner\">\n                            \n                                                            <h2 class=\"title1\">Sauces<\/h2>\n                            \n                                                            <p class=\"title2\">Maukkaat ruokakastikkeet<\/p>\n                            \n                                                            <div class=\"link-bottom\">\n                                    <span class=\"btn btn-theme\">Buy now<i class=\"icon-arrow-right\" aria-hidden=\"true\"><\/i><\/span>\n                                <\/div>\n                                                        \n                        <\/div>\n                    <\/div>\n                   \n                                    <\/a>\n                            <\/div>\n                \t\t\t\t<\/div>\n\t\t\t\t<\/div>\n\t\t\t\t<\/div>\n\t\t<div class=\"elementor-element elementor-element-fa186d4 e-con-full e-flex e-con e-child\" data-id=\"fa186d4\" data-element_type=\"container\">\n\t\t\t\t<div class=\"elementor-element elementor-element-d523d9c elementor-widget elementor-widget-dekoro_banner\" data-id=\"d523d9c\" data-element_type=\"widget\" data-widget_type=\"dekoro_banner.default\">\n\t\t\t\t<div class=\"elementor-widget-container\">\n\t\t\t\t\t            \n            <div class=\"widget-banner  style1\">\n                                    <a href=\"\/en\/product-category\/pakkaukset\/\">\n                                    <div class=\"wrapper-banner\">\n                        <div class=\"content-banner\">\n                        <\/div>\n                         <div class=\"inner\">\n                            \n                                                            <h2 class=\"title1\">Packaging<\/h2>\n                            \n                                                            <p class=\"title2\">Elintarvikkeiden pakkaamisen perusteet<\/p>\n                            \n                                                            <div class=\"link-bottom\">\n                                    <span class=\"btn btn-theme\">Buy now<i class=\"icon-arrow-right\" aria-hidden=\"true\"><\/i><\/span>\n                                <\/div>\n                                                        \n                        <\/div>\n                    <\/div>\n                   \n                                    <\/a>\n                            <\/div>\n                \t\t\t\t<\/div>\n\t\t\t\t<\/div>\n\t\t\t\t<\/div>\n\t\t\t\t<\/div>\n\t\t\t\t\t<\/div>\n\t\t\t\t<\/div>\n\t\t<div class=\"elementor-element elementor-element-c8c4d84 e-flex e-con-boxed e-con e-parent\" data-id=\"c8c4d84\" data-element_type=\"container\">\n\t\t\t\t\t<div class=\"e-con-inner\">\n\t\t<div class=\"elementor-element elementor-element-8b216c3 e-con-full e-flex e-con e-child\" data-id=\"8b216c3\" data-element_type=\"container\">\n\t\t\t\t<div class=\"elementor-element elementor-element-be5c620 elementor-widget elementor-widget-heading\" data-id=\"be5c620\" data-element_type=\"widget\" data-widget_type=\"heading.default\">\n\t\t\t\t\t<h2 class=\"elementor-heading-title elementor-size-default\">Easy and efficient stackability<\/h2>\t\t\t\t<\/div>\n\t\t\t\t<div class=\"elementor-element elementor-element-f6b248e elementor-widget elementor-widget-text-editor\" data-id=\"f6b248e\" data-element_type=\"widget\" data-widget_type=\"text-editor.default\">\n\t\t\t\t\t\t\t\t\t<p>Kansien tarkkaan suunniteltu muotoilu mahdollistaa helpon ja tehokkaan pinottavuuden p\u00e4\u00e4llekk\u00e4in hyllyyn.<\/p>\t\t\t\t\t\t\t\t<\/div>\n\t\t\t\t<\/div>\n\t\t\t\t\t<\/div>\n\t\t\t\t<\/div>\n\t\t<div class=\"elementor-element elementor-element-505d27e e-flex e-con-boxed e-con e-parent\" data-id=\"505d27e\" data-element_type=\"container\">\n\t\t\t\t\t<div class=\"e-con-inner\">\n\t\t<div class=\"elementor-element elementor-element-5946575 e-con-full e-flex e-con e-child\" data-id=\"5946575\" data-element_type=\"container\">\n\t\t\t\t<div class=\"elementor-element elementor-element-e9f91bc elementor-widget elementor-widget-image-carousel\" data-id=\"e9f91bc\" data-element_type=\"widget\" data-settings=\"{&quot;slides_to_show&quot;:&quot;5&quot;,&quot;slides_to_scroll&quot;:&quot;1&quot;,&quot;navigation&quot;:&quot;none&quot;,&quot;image_spacing_custom&quot;:{&quot;unit&quot;:&quot;px&quot;,&quot;size&quot;:30,&quot;sizes&quot;:[]},&quot;slides_to_show_tablet&quot;:&quot;3&quot;,&quot;slides_to_show_mobile&quot;:&quot;2&quot;,&quot;slides_to_scroll_tablet&quot;:&quot;1&quot;,&quot;slides_to_scroll_mobile&quot;:&quot;1&quot;,&quot;autoplay_speed&quot;:3000,&quot;autoplay&quot;:&quot;yes&quot;,&quot;pause_on_hover&quot;:&quot;yes&quot;,&quot;pause_on_interaction&quot;:&quot;yes&quot;,&quot;speed&quot;:500,&quot;image_spacing_custom_tablet&quot;:{&quot;unit&quot;:&quot;px&quot;,&quot;size&quot;:&quot;&quot;,&quot;sizes&quot;:[]},&quot;image_spacing_custom_mobile&quot;:{&quot;unit&quot;:&quot;px&quot;,&quot;size&quot;:&quot;&quot;,&quot;sizes&quot;:[]}}\" data-widget_type=\"image-carousel.default\">\n\t\t\t\t\t\t\t<div class=\"elementor-image-carousel-wrapper swiper\" role=\"region\" aria-roledescription=\"carousel\" aria-label=\"Kuvakaruselli\" dir=\"ltr\">\n\t\t\t<div class=\"elementor-image-carousel swiper-wrapper swiper-image-stretch\" aria-live=\"off\">\n\t\t\t\t\t\t\t\t<div class=\"swiper-slide\" role=\"group\" aria-roledescription=\"slide\" aria-label=\"1 of 5\"><figure class=\"swiper-slide-inner\"><img decoding=\"async\" class=\"swiper-slide-image\" src=\"https:\/\/restatukku.eu\/wp-content\/uploads\/2025\/12\/21213111-300x300.png\" alt=\"21213111\" \/><\/figure><\/div><div class=\"swiper-slide\" role=\"group\" aria-roledescription=\"slide\" aria-label=\"2 of 5\"><figure class=\"swiper-slide-inner\"><img decoding=\"async\" class=\"swiper-slide-image\" src=\"https:\/\/restatukku.eu\/wp-content\/uploads\/2025\/12\/takeawaypackaging-300x300.jpg\" alt=\"takeawaypackaging\" \/><\/figure><\/div><div class=\"swiper-slide\" role=\"group\" aria-roledescription=\"slide\" aria-label=\"3 of 5\"><figure class=\"swiper-slide-inner\"><img decoding=\"async\" class=\"swiper-slide-image\" src=\"https:\/\/restatukku.eu\/wp-content\/uploads\/2025\/12\/PizzalaatikkoTakePizzaAway28x28x3cm_mod.Fi_-300x300.webp\" alt=\"PizzalaatikkoTakePizzaAway28x28x3cm_mod.Fi\" \/><\/figure><\/div><div class=\"swiper-slide\" role=\"group\" aria-roledescription=\"slide\" aria-label=\"4 of 5\"><figure class=\"swiper-slide-inner\"><img decoding=\"async\" class=\"swiper-slide-image\" src=\"https:\/\/restatukku.eu\/wp-content\/uploads\/2025\/12\/Bagassi_hampurilaisrasia_HB10_24x15x8cm-Kuatro-300x300.webp\" alt=\"Bagassi_hampurilaisrasia_HB10_24x15x8cm-Kuatro\" \/><\/figure><\/div><div class=\"swiper-slide\" role=\"group\" aria-roledescription=\"slide\" aria-label=\"5 of 5\"><figure class=\"swiper-slide-inner\"><img decoding=\"async\" class=\"swiper-slide-image\" src=\"https:\/\/restatukku.eu\/wp-content\/uploads\/2025\/12\/Puinenaterinsetti_haarukka_veitsi_servietti_2_84d649a2-657d-4ceb-9696-56d6da95bf2d-300x300.webp\" alt=\"Puinenaterinsetti_haarukka_veitsi_servietti_2_84d649a2-657d-4ceb-9696-56d6da95bf2d\" \/><\/figure><\/div>\t\t\t<\/div>\n\t\t\t\t\t\t\t\n\t\t\t\t\t\t\t\t\t<\/div>\n\t\t\t\t\t\t<\/div>\n\t\t\t\t<\/div>\n\t\t\t\t\t<\/div>\n\t\t\t\t<\/div>\n\t\t\t\t<\/div>","protected":false},"excerpt":{"rendered":"<p>liitokset jotka eiv\u00e4t vuoda Huolellisesti suunnitellut liitokset takaavat, ett\u00e4 pakkaukset pysyv\u00e4t t\u00e4ysin tiiviin\u00e4, eiv\u00e4tk\u00e4 vuoda. T\u00e4m\u00e4 varmistaa, ett\u00e4 tuotteet s\u00e4ilyv\u00e4t siistein\u00e4 pakattuna kuljetuksen ja s\u00e4ilytyksen aikana. \u00a0 Missiomme Missiomme on tarjota korkealaatuisia, kilpailukykyisi\u00e4 ja kest\u00e4vi\u00e4 pakkausratkaisuja, jotka helpottavat arkea. Etsimme jatkuvasti uusia tapoja luoda arvoa \u2013 yhdess\u00e4. Visiomme Olemme luotettava kumppani, joka auttaa asiakkaitamme menestym\u00e4\u00e4n. &hellip; <br \/><a href=\"https:\/\/restatukku.eu\/en\/about\/\" class=\"more-link\">Continue reading <span class=\"screen-reader-text\">About Us<\/span><\/a><\/p>","protected":false},"author":1,"featured_media":0,"parent":0,"menu_order":0,"comment_status":"closed","ping_status":"closed","template":"","meta":{"footnotes":""},"class_list":["post-322","page","type-page","status-publish","hentry"],"_links":{"self":[{"href":"https:\/\/restatukku.eu\/en\/wp-json\/wp\/v2\/pages\/322","targetHints":{"allow":["GET"]}}],"collection":[{"href":"https:\/\/restatukku.eu\/en\/wp-json\/wp\/v2\/pages"}],"about":[{"href":"https:\/\/restatukku.eu\/en\/wp-json\/wp\/v2\/types\/page"}],"author":[{"embeddable":true,"href":"https:\/\/restatukku.eu\/en\/wp-json\/wp\/v2\/users\/1"}],"replies":[{"embeddable":true,"href":"https:\/\/restatukku.eu\/en\/wp-json\/wp\/v2\/comments?post=322"}],"version-history":[{"count":23,"href":"https:\/\/restatukku.eu\/en\/wp-json\/wp\/v2\/pages\/322\/revisions"}],"predecessor-version":[{"id":16413,"href":"https:\/\/restatukku.eu\/en\/wp-json\/wp\/v2\/pages\/322\/revisions\/16413"}],"wp:attachment":[{"href":"https:\/\/restatukku.eu\/en\/wp-json\/wp\/v2\/media?parent=322"}],"curies":[{"name":"wp","href":"https:\/\/api.w.org\/{rel}","templated":true}]}}