{"id":16,"date":"2025-12-05T17:08:09","date_gmt":"2025-12-05T17:08:09","guid":{"rendered":"http:\/\/localhost\/Restatukku\/?page_id=16"},"modified":"2025-12-12T13:03:24","modified_gmt":"2025-12-12T13:03:24","slug":"ehdot-ja-saannot","status":"publish","type":"page","link":"https:\/\/restatukku.eu\/en\/ehdot-ja-saannot\/","title":{"rendered":"Terms and conditions"},"content":{"rendered":"<div data-elementor-type=\"wp-post\" data-elementor-id=\"16\" class=\"elementor elementor-16\">\n\t\t\t\t<div class=\"elementor-element elementor-element-8af4487 e-flex e-con-boxed e-con e-parent\" data-id=\"8af4487\" data-element_type=\"container\">\n\t\t\t\t\t<div class=\"e-con-inner\">\n\t\t\t\t<div class=\"elementor-element elementor-element-049f9bf elementor-widget elementor-widget-html\" data-id=\"049f9bf\" data-element_type=\"widget\" data-widget_type=\"html.default\">\n\t\t\t\t\t<section class=\"terms-conditions\">\r\n    <h1>Yleiset Toimitusehdot<\/h1>\r\n\r\n    <h2>Soveltamisala<\/h2>\r\n    <p>\r\n        N\u00e4it\u00e4 toimitusehtoja sovelletaan kaikkiin Noipack Oy:n (Y-tunnus 2884750-2) \r\n        tuotteiden myynteihin ja toimituksiin Suomessa sek\u00e4 muissa EU-maissa, \r\n        ellei kirjallisessa sopimuksessa ole toisin m\u00e4\u00e4ritelty.\r\n    <\/p>\r\n\r\n    <h2>Hinnat ja Maksuehdot<\/h2>\r\n    <p>\r\n        Kaikki hinnat ilmoitetaan euroissa ilman arvonlis\u00e4veroa, ellei muuta ole mainittu. \r\n        Maksuehto on 7 p\u00e4iv\u00e4\u00e4 netto laskun p\u00e4iv\u00e4yksest\u00e4, ellei toisin ole sovittu. \r\n        Viiv\u00e4styskorko m\u00e4\u00e4r\u00e4ytyy kulloinkin voimassa olevan korkolains\u00e4\u00e4d\u00e4nn\u00f6n mukaisesti.\r\n    <\/p>\r\n\r\n    <h2>Omistusoikeus<\/h2>\r\n    <p>\r\n        Tuotteiden omistusoikeus siirtyy asiakkaalle vasta, kun koko kauppahinta sek\u00e4 \r\n        mahdolliset viiv\u00e4stys- ja perint\u00e4kulut on maksettu t\u00e4ysim\u00e4\u00e4r\u00e4isesti.\r\n    <\/p>\r\n\r\n    <h2>Toimitus<\/h2>\r\n    <p>\r\n        Elleiv\u00e4t osapuolet ole sopineet muuta kirjallisesti, toimitukset tapahtuvat \r\n        EXW (Ex Works) Noipack Oy:n varastolta Suomessa Incoterms 2020 -ehtojen mukaisesti. \r\n        Toimitusaika vahvistetaan tilauskohtaisesti.\r\n    <\/p>\r\n\r\n    <h2>Toimituksen Viiv\u00e4styminen<\/h2>\r\n    <p>\r\n        Noipack Oy ei ole vastuussa toimituksen viiv\u00e4stymisest\u00e4, mik\u00e4li viiv\u00e4stys johtuu \r\n        ylivoimaisesta esteest\u00e4 (force majeure), kuten ty\u00f6taistelutoimista, \r\n        luonnonolosuhteista, viranomaism\u00e4\u00e4r\u00e4yksist\u00e4 tai muista yhti\u00f6st\u00e4 riippumattomista syist\u00e4.\r\n    <\/p>\r\n\r\n    <h2>Tavaran Tarkastus ja Reklamaatiot<\/h2>\r\n    <p>\r\n        Asiakkaan tulee tarkastaa toimitettu tuote v\u00e4litt\u00f6m\u00e4sti sen vastaanottamisen j\u00e4lkeen. \r\n        Mahdolliset puutteet tai virheet on ilmoitettava kirjallisesti 7 p\u00e4iv\u00e4n kuluessa \r\n        toimituksesta. Mik\u00e4li ilmoitusta ei tehd\u00e4 m\u00e4\u00e4r\u00e4ajassa, toimitus katsotaan hyv\u00e4ksytyksi.\r\n    <\/p>\r\n\r\n    <h2>Palautukset<\/h2>\r\n    <p>\r\n        Toimitetuilla tuotteilla ei ole palautusoikeutta, ellei palautuksesta ole \r\n        erikseen sovittu kirjallisesti.\r\n    <\/p>\r\n\r\n    <h2>Vastuu ja Takuu<\/h2>\r\n    <p>\r\n        Noipack Oy vastaa ainoastaan tuotteiden valmistus- ja materiaalivirheist\u00e4. \r\n        Vastuu rajoittuu virheellisen tuotteen korvaamiseen tai tuotteen hinnan palauttamiseen. \r\n        Yritys ei vastaa ep\u00e4suorista tai v\u00e4lillisist\u00e4 vahingoista.\r\n    <\/p>\r\n\r\n    <h2>Sovellettava Laki ja Riitojen Ratkaisu<\/h2>\r\n    <p>\r\n        N\u00e4ihin ehtoihin sovelletaan Suomen lakia. Mahdolliset erimielisyydet pyrit\u00e4\u00e4n \r\n        ratkaisemaan ensisijaisesti neuvottelemalla. Mik\u00e4li ratkaisua ei saavuteta, \r\n        k\u00e4sitell\u00e4\u00e4n asia Helsingin k\u00e4r\u00e4j\u00e4oikeudessa.\r\n    <\/p>\r\n\r\n    <h2>Muut Ehdot<\/h2>\r\n    <p>\r\n        Noipack Oy pid\u00e4tt\u00e4\u00e4 oikeuden p\u00e4ivitt\u00e4\u00e4 tai muuttaa n\u00e4it\u00e4 toimitusehtoja \r\n        ilman erillist\u00e4 ilmoitusta.\r\n    <\/p>\r\n<\/section>\r\n\t\t\t\t<\/div>\n\t\t\t\t\t<\/div>\n\t\t\t\t<\/div>\n\t\t\t\t<\/div>","protected":false},"excerpt":{"rendered":"<p>Yleiset Toimitusehdot Soveltamisala N\u00e4it\u00e4 toimitusehtoja sovelletaan kaikkiin Noipack Oy:n (Y-tunnus 2884750-2) tuotteiden myynteihin ja toimituksiin Suomessa sek\u00e4 muissa EU-maissa, ellei kirjallisessa sopimuksessa ole toisin m\u00e4\u00e4ritelty. Hinnat ja Maksuehdot Kaikki hinnat ilmoitetaan euroissa ilman arvonlis\u00e4veroa, ellei muuta ole mainittu. Maksuehto on 7 p\u00e4iv\u00e4\u00e4 netto laskun p\u00e4iv\u00e4yksest\u00e4, ellei toisin ole sovittu. Viiv\u00e4styskorko m\u00e4\u00e4r\u00e4ytyy kulloinkin voimassa olevan korkolains\u00e4\u00e4d\u00e4nn\u00f6n &hellip; <br \/><a href=\"https:\/\/restatukku.eu\/en\/ehdot-ja-saannot\/\" class=\"more-link\">Continue reading <span class=\"screen-reader-text\">Terms and conditions<\/span><\/a><\/p>","protected":false},"author":1,"featured_media":0,"parent":0,"menu_order":0,"comment_status":"closed","ping_status":"closed","template":"","meta":{"footnotes":""},"class_list":["post-16","page","type-page","status-publish","hentry"],"_links":{"self":[{"href":"https:\/\/restatukku.eu\/en\/wp-json\/wp\/v2\/pages\/16","targetHints":{"allow":["GET"]}}],"collection":[{"href":"https:\/\/restatukku.eu\/en\/wp-json\/wp\/v2\/pages"}],"about":[{"href":"https:\/\/restatukku.eu\/en\/wp-json\/wp\/v2\/types\/page"}],"author":[{"embeddable":true,"href":"https:\/\/restatukku.eu\/en\/wp-json\/wp\/v2\/users\/1"}],"replies":[{"embeddable":true,"href":"https:\/\/restatukku.eu\/en\/wp-json\/wp\/v2\/comments?post=16"}],"version-history":[{"count":5,"href":"https:\/\/restatukku.eu\/en\/wp-json\/wp\/v2\/pages\/16\/revisions"}],"predecessor-version":[{"id":15947,"href":"https:\/\/restatukku.eu\/en\/wp-json\/wp\/v2\/pages\/16\/revisions\/15947"}],"wp:attachment":[{"href":"https:\/\/restatukku.eu\/en\/wp-json\/wp\/v2\/media?parent=16"}],"curies":[{"name":"wp","href":"https:\/\/api.w.org\/{rel}","templated":true}]}}