{"id":15958,"date":"2025-12-20T13:09:54","date_gmt":"2025-12-20T13:09:54","guid":{"rendered":"https:\/\/restatukku.eu\/?page_id=15958"},"modified":"2026-02-16T05:47:05","modified_gmt":"2026-02-16T05:47:05","slug":"request-quote","status":"publish","type":"page","link":"https:\/\/restatukku.eu\/en\/request-quote\/","title":{"rendered":"Pyyd\u00e4 tarjous"},"content":{"rendered":"<p class=\"cart-empty\">Tarjouspyynt\u00f6luettelosi on t\u00e4ll\u00e4 hetkell\u00e4 tyhj\u00e4.<\/p>","protected":false},"excerpt":{"rendered":"","protected":false},"author":1,"featured_media":0,"parent":0,"menu_order":0,"comment_status":"closed","ping_status":"closed","template":"","meta":{"footnotes":""},"class_list":["post-15958","page","type-page","status-publish","hentry"],"_links":{"self":[{"href":"https:\/\/restatukku.eu\/en\/wp-json\/wp\/v2\/pages\/15958","targetHints":{"allow":["GET"]}}],"collection":[{"href":"https:\/\/restatukku.eu\/en\/wp-json\/wp\/v2\/pages"}],"about":[{"href":"https:\/\/restatukku.eu\/en\/wp-json\/wp\/v2\/types\/page"}],"author":[{"embeddable":true,"href":"https:\/\/restatukku.eu\/en\/wp-json\/wp\/v2\/users\/1"}],"replies":[{"embeddable":true,"href":"https:\/\/restatukku.eu\/en\/wp-json\/wp\/v2\/comments?post=15958"}],"version-history":[{"count":3,"href":"https:\/\/restatukku.eu\/en\/wp-json\/wp\/v2\/pages\/15958\/revisions"}],"predecessor-version":[{"id":16369,"href":"https:\/\/restatukku.eu\/en\/wp-json\/wp\/v2\/pages\/15958\/revisions\/16369"}],"wp:attachment":[{"href":"https:\/\/restatukku.eu\/en\/wp-json\/wp\/v2\/media?parent=15958"}],"curies":[{"name":"wp","href":"https:\/\/api.w.org\/{rel}","templated":true}]}}